{"id":16897,"date":"2025-04-17T18:21:24","date_gmt":"2025-04-17T15:21:24","guid":{"rendered":"https:\/\/www.tmemuhendislik.com.tr\/?page_id=16897"},"modified":"2025-05-17T17:26:38","modified_gmt":"2025-05-17T14:26:38","slug":"cozumlerimiz","status":"publish","type":"page","link":"https:\/\/www.tmemuhendislik.com.tr\/tr_tr\/cozumlerimiz\/","title":{"rendered":"\u00c7\u00f6z\u00fcmlerimiz"},"content":{"rendered":"\t\t<div data-elementor-type=\"wp-page\" data-elementor-id=\"16897\" class=\"elementor elementor-16897\">\n\t\t\t\t<div class=\"elementor-element elementor-element-fc0ddb2 e-flex e-con-boxed e-con e-parent\" data-id=\"fc0ddb2\" data-element_type=\"container\">\n\t\t\t\t\t<div class=\"e-con-inner\">\n\t\t<div class=\"elementor-element elementor-element-60e51a6 e-con-full e-flex e-con e-child\" data-id=\"60e51a6\" data-element_type=\"container\">\n\t\t\t\t<div class=\"elementor-element elementor-element-2a08bde elementor-position-top elementor-widget elementor-widget-image-box\" data-id=\"2a08bde\" data-element_type=\"widget\" data-widget_type=\"image-box.default\">\n\t\t\t\t<div class=\"elementor-widget-container\">\n\t\t\t\t\t<div class=\"elementor-image-box-wrapper\"><figure class=\"elementor-image-box-img\"><a href=\"https:\/\/www.tmemuhendislik.com.tr\/proje-ve-danismanlik\/\" tabindex=\"-1\"><img fetchpriority=\"high\" decoding=\"async\" width=\"1920\" height=\"1080\" src=\"https:\/\/www.tmemuhendislik.com.tr\/wp-content\/uploads\/2023\/10\/tme-muhendislik-yerden-isitma-sistemi-konforunuz-ve-verimliliginiz-icin-sicak-adimlar.jpg\" class=\"attachment-full size-full wp-image-13758\" alt=\"\" srcset=\"https:\/\/www.tmemuhendislik.com.tr\/wp-content\/uploads\/2023\/10\/tme-muhendislik-yerden-isitma-sistemi-konforunuz-ve-verimliliginiz-icin-sicak-adimlar.jpg 1920w, https:\/\/www.tmemuhendislik.com.tr\/wp-content\/uploads\/2023\/10\/tme-muhendislik-yerden-isitma-sistemi-konforunuz-ve-verimliliginiz-icin-sicak-adimlar-600x338.jpg 600w, https:\/\/www.tmemuhendislik.com.tr\/wp-content\/uploads\/2023\/10\/tme-muhendislik-yerden-isitma-sistemi-konforunuz-ve-verimliliginiz-icin-sicak-adimlar-1024x576.jpg 1024w, https:\/\/www.tmemuhendislik.com.tr\/wp-content\/uploads\/2023\/10\/tme-muhendislik-yerden-isitma-sistemi-konforunuz-ve-verimliliginiz-icin-sicak-adimlar-768x432.jpg 768w\" sizes=\"(max-width: 1920px) 100vw, 1920px\" \/><\/a><\/figure><div class=\"elementor-image-box-content\"><h3 class=\"elementor-image-box-title\"><a href=\"https:\/\/www.tmemuhendislik.com.tr\/proje-ve-danismanlik\/\">Proje ve Dan\u0131\u015fmanl\u0131k<\/a><\/h3><p class=\"elementor-image-box-description\">TME M\u00fchendislik olarak, mekanik tesisat projelerinde uzmanla\u015fm\u0131\u015f m\u00fchendislik ekibimizle kapsaml\u0131 \u00e7\u00f6z\u00fcmler sunuyoruz. <\/p><\/div><\/div>\t\t\t\t<\/div>\n\t\t\t\t<\/div>\n\t\t\t\t<div class=\"elementor-element elementor-element-d37a397 elementor-align-justify elementor-widget elementor-widget-pxl_button\" data-id=\"d37a397\" data-element_type=\"widget\" data-widget_type=\"pxl_button.default\">\n\t\t\t\t<div class=\"elementor-widget-container\">\n\t\t\t\t\t<div id=\"pxl-pxl_button-d37a397-2508\" class=\"pxl-button pxl-atc-link \" data-wow-delay=\"ms\">\r\n    <a href=\"https:\/\/www.tmemuhendislik.com.tr\/proje-ve-danismanlik\/\" class=\"btn pxl-icon-active  btn-default  inline pxl-icon--left\" data-wow-delay=\"ms\" data-target=\".pxl-page-popup-template-0\">\r\n        <i aria-hidden=\"true\" class=\"flaticon flaticon-right-arrow222\"><\/i>        <span class=\"pxl--btn-text\" data-text=\"Devam\u0131n\u0131 Oku\">\r\n            Devam\u0131n\u0131 Oku        <\/span>\r\n            <\/a>\r\n<\/div>\t\t\t\t<\/div>\n\t\t\t\t<\/div>\n\t\t\t\t<\/div>\n\t\t<div class=\"elementor-element elementor-element-f72088d e-con-full e-flex e-con e-child\" data-id=\"f72088d\" data-element_type=\"container\">\n\t\t\t\t<div class=\"elementor-element elementor-element-b3db60a elementor-position-top elementor-widget elementor-widget-image-box\" data-id=\"b3db60a\" data-element_type=\"widget\" data-widget_type=\"image-box.default\">\n\t\t\t\t<div class=\"elementor-widget-container\">\n\t\t\t\t\t<div class=\"elementor-image-box-wrapper\"><figure class=\"elementor-image-box-img\"><a href=\"https:\/\/www.tmemuhendislik.com.tr\/mekanik-taahhut\/\" tabindex=\"-1\"><img decoding=\"async\" width=\"1920\" height=\"1080\" src=\"https:\/\/www.tmemuhendislik.com.tr\/wp-content\/uploads\/2023\/09\/tme-muhendislik-merkezi-klima-sistemleri-konforunuz-icin-akilli-bir-secim.jpg\" class=\"attachment-full size-full wp-image-13761\" alt=\"\" srcset=\"https:\/\/www.tmemuhendislik.com.tr\/wp-content\/uploads\/2023\/09\/tme-muhendislik-merkezi-klima-sistemleri-konforunuz-icin-akilli-bir-secim.jpg 1920w, https:\/\/www.tmemuhendislik.com.tr\/wp-content\/uploads\/2023\/09\/tme-muhendislik-merkezi-klima-sistemleri-konforunuz-icin-akilli-bir-secim-600x338.jpg 600w, https:\/\/www.tmemuhendislik.com.tr\/wp-content\/uploads\/2023\/09\/tme-muhendislik-merkezi-klima-sistemleri-konforunuz-icin-akilli-bir-secim-1024x576.jpg 1024w, https:\/\/www.tmemuhendislik.com.tr\/wp-content\/uploads\/2023\/09\/tme-muhendislik-merkezi-klima-sistemleri-konforunuz-icin-akilli-bir-secim-768x432.jpg 768w\" sizes=\"(max-width: 1920px) 100vw, 1920px\" \/><\/a><\/figure><div class=\"elementor-image-box-content\"><h3 class=\"elementor-image-box-title\"><a href=\"https:\/\/www.tmemuhendislik.com.tr\/mekanik-taahhut\/\">Mekanik Taahh\u00fct<\/a><\/h3><p class=\"elementor-image-box-description\">Her projede m\u00fc\u015fteri memnuniyetini \u00f6n planda tutarak, i\u015fletme verimlili\u011fi y\u00fcksek, uzun \u00f6m\u00fcrl\u00fc tesisatlar kurmay\u0131 ilke ediniyoruz.<\/p><\/div><\/div>\t\t\t\t<\/div>\n\t\t\t\t<\/div>\n\t\t\t\t<div class=\"elementor-element elementor-element-9898381 elementor-align-justify elementor-widget elementor-widget-pxl_button\" data-id=\"9898381\" data-element_type=\"widget\" data-widget_type=\"pxl_button.default\">\n\t\t\t\t<div class=\"elementor-widget-container\">\n\t\t\t\t\t<div id=\"pxl-pxl_button-9898381-8228\" class=\"pxl-button pxl-atc-link \" data-wow-delay=\"ms\">\r\n    <a href=\"https:\/\/www.tmemuhendislik.com.tr\/mekanik-taahhut\/\" class=\"btn pxl-icon-active  btn-default  inline pxl-icon--left\" data-wow-delay=\"ms\" data-target=\".pxl-page-popup-template-0\">\r\n        <i aria-hidden=\"true\" class=\"flaticon flaticon-right-arrow222\"><\/i>        <span class=\"pxl--btn-text\" data-text=\"Devam\u0131n\u0131 Oku\">\r\n            Devam\u0131n\u0131 Oku        <\/span>\r\n            <\/a>\r\n<\/div>\t\t\t\t<\/div>\n\t\t\t\t<\/div>\n\t\t\t\t<\/div>\n\t\t\t\t\t<\/div>\n\t\t\t\t<\/div>\n\t\t<div class=\"elementor-element elementor-element-65fecdb e-flex e-con-boxed e-con e-parent\" data-id=\"65fecdb\" data-element_type=\"container\">\n\t\t\t\t\t<div class=\"e-con-inner\">\n\t\t<div class=\"elementor-element elementor-element-9c48a2b e-con-full e-flex e-con e-child\" data-id=\"9c48a2b\" data-element_type=\"container\">\n\t\t\t\t<div class=\"elementor-element elementor-element-bbbe6c8 elementor-position-top elementor-widget elementor-widget-image-box\" data-id=\"bbbe6c8\" data-element_type=\"widget\" data-widget_type=\"image-box.default\">\n\t\t\t\t<div class=\"elementor-widget-container\">\n\t\t\t\t\t<div class=\"elementor-image-box-wrapper\"><figure class=\"elementor-image-box-img\"><a href=\"https:\/\/www.tmemuhendislik.com.tr\/urun-tedarigi\/\" tabindex=\"-1\"><img decoding=\"async\" width=\"1920\" height=\"1080\" src=\"https:\/\/www.tmemuhendislik.com.tr\/wp-content\/uploads\/2023\/10\/merkezi-klima-sistemleri.jpg\" class=\"attachment-full size-full wp-image-13820\" alt=\"\" srcset=\"https:\/\/www.tmemuhendislik.com.tr\/wp-content\/uploads\/2023\/10\/merkezi-klima-sistemleri.jpg 1920w, https:\/\/www.tmemuhendislik.com.tr\/wp-content\/uploads\/2023\/10\/merkezi-klima-sistemleri-600x338.jpg 600w, https:\/\/www.tmemuhendislik.com.tr\/wp-content\/uploads\/2023\/10\/merkezi-klima-sistemleri-1024x576.jpg 1024w, https:\/\/www.tmemuhendislik.com.tr\/wp-content\/uploads\/2023\/10\/merkezi-klima-sistemleri-768x432.jpg 768w\" sizes=\"(max-width: 1920px) 100vw, 1920px\" \/><\/a><\/figure><div class=\"elementor-image-box-content\"><h3 class=\"elementor-image-box-title\"><a href=\"https:\/\/www.tmemuhendislik.com.tr\/urun-tedarigi\/\">\u00dcr\u00fcn Tedari\u011fi<\/a><\/h3><p class=\"elementor-image-box-description\">TME M\u00fchendislik olarak, taahh\u00fcd\u00fcn\u00fc yapt\u0131\u011f\u0131m\u0131z projelerde ve projelerin d\u0131\u015f\u0131nda mekanik tesisat ile alakal\u0131 t\u00fcm \u00fcr\u00fcnlerin sat\u0131\u015f\u0131n\u0131 ger\u00e7ekle\u015ftiriyoruz.<\/p><\/div><\/div>\t\t\t\t<\/div>\n\t\t\t\t<\/div>\n\t\t\t\t<div class=\"elementor-element elementor-element-6fb1769 elementor-align-justify elementor-widget elementor-widget-pxl_button\" data-id=\"6fb1769\" data-element_type=\"widget\" data-widget_type=\"pxl_button.default\">\n\t\t\t\t<div class=\"elementor-widget-container\">\n\t\t\t\t\t<div id=\"pxl-pxl_button-6fb1769-2457\" class=\"pxl-button pxl-atc-link \" data-wow-delay=\"ms\">\r\n    <a href=\"https:\/\/www.tmemuhendislik.com.tr\/urun-tedarigi\/\" class=\"btn pxl-icon-active  btn-default  inline pxl-icon--left\" data-wow-delay=\"ms\" data-target=\".pxl-page-popup-template-0\">\r\n        <i aria-hidden=\"true\" class=\"flaticon flaticon-right-arrow222\"><\/i>        <span class=\"pxl--btn-text\" data-text=\"Devam\u0131n\u0131 Oku\">\r\n            Devam\u0131n\u0131 Oku        <\/span>\r\n            <\/a>\r\n<\/div>\t\t\t\t<\/div>\n\t\t\t\t<\/div>\n\t\t\t\t<\/div>\n\t\t<div class=\"elementor-element elementor-element-a2ac48e e-con-full e-flex e-con e-child\" data-id=\"a2ac48e\" data-element_type=\"container\">\n\t\t\t\t<div class=\"elementor-element elementor-element-999474a elementor-position-top elementor-widget elementor-widget-image-box\" data-id=\"999474a\" data-element_type=\"widget\" data-widget_type=\"image-box.default\">\n\t\t\t\t<div class=\"elementor-widget-container\">\n\t\t\t\t\t<div class=\"elementor-image-box-wrapper\"><figure class=\"elementor-image-box-img\"><a href=\"https:\/\/www.tmemuhendislik.com.tr\/bakim-0narim\/\" tabindex=\"-1\"><img loading=\"lazy\" decoding=\"async\" width=\"1920\" height=\"1080\" src=\"https:\/\/www.tmemuhendislik.com.tr\/wp-content\/uploads\/2023\/10\/alttan-isitma-sistemi.jpg\" class=\"attachment-full size-full wp-image-13805\" alt=\"\" srcset=\"https:\/\/www.tmemuhendislik.com.tr\/wp-content\/uploads\/2023\/10\/alttan-isitma-sistemi.jpg 1920w, https:\/\/www.tmemuhendislik.com.tr\/wp-content\/uploads\/2023\/10\/alttan-isitma-sistemi-600x338.jpg 600w, https:\/\/www.tmemuhendislik.com.tr\/wp-content\/uploads\/2023\/10\/alttan-isitma-sistemi-1024x576.jpg 1024w, https:\/\/www.tmemuhendislik.com.tr\/wp-content\/uploads\/2023\/10\/alttan-isitma-sistemi-768x432.jpg 768w\" sizes=\"(max-width: 1920px) 100vw, 1920px\" \/><\/a><\/figure><div class=\"elementor-image-box-content\"><h3 class=\"elementor-image-box-title\"><a href=\"https:\/\/www.tmemuhendislik.com.tr\/bakim-0narim\/\">Bak\u0131m Onar\u0131m Hizmetleri<\/a><\/h3><p class=\"elementor-image-box-description\">Periyodik bak\u0131m programlar\u0131 ile sistemlerinizin kesintisiz \u00e7al\u0131\u015fmas\u0131n\u0131 sa\u011flayarak, olas\u0131 ar\u0131zalar\u0131n \u00f6n\u00fcne ge\u00e7iyoruz.<\/p><\/div><\/div>\t\t\t\t<\/div>\n\t\t\t\t<\/div>\n\t\t\t\t<div class=\"elementor-element elementor-element-0128447 elementor-align-justify elementor-widget elementor-widget-pxl_button\" data-id=\"0128447\" data-element_type=\"widget\" data-widget_type=\"pxl_button.default\">\n\t\t\t\t<div class=\"elementor-widget-container\">\n\t\t\t\t\t<div id=\"pxl-pxl_button-0128447-8002\" class=\"pxl-button pxl-atc-link \" data-wow-delay=\"ms\">\r\n    <a href=\"https:\/\/www.tmemuhendislik.com.tr\/bakim-0narim\/\" class=\"btn pxl-icon-active  btn-default  inline pxl-icon--left\" data-wow-delay=\"ms\" data-target=\".pxl-page-popup-template-0\">\r\n        <i aria-hidden=\"true\" class=\"flaticon flaticon-right-arrow222\"><\/i>        <span class=\"pxl--btn-text\" data-text=\"Devam\u0131n\u0131 Oku\">\r\n            Devam\u0131n\u0131 Oku        <\/span>\r\n            <\/a>\r\n<\/div>\t\t\t\t<\/div>\n\t\t\t\t<\/div>\n\t\t\t\t<\/div>\n\t\t\t\t\t<\/div>\n\t\t\t\t<\/div>\n\t\t\t\t<\/div>\n\t\t","protected":false},"excerpt":{"rendered":"<p>Proje ve Dan\u0131\u015fmanl\u0131k TME M\u00fchendislik olarak, mekanik tesisat projelerinde uzmanla\u015fm\u0131\u015f m\u00fchendislik ekibimizle kapsaml\u0131 \u00e7\u00f6z\u00fcmler sunuyoruz. Devam\u0131n\u0131 Oku Mekanik Taahh\u00fct Her projede m\u00fc\u015fteri memnuniyetini \u00f6n planda tutarak, i\u015fletme verimlili\u011fi y\u00fcksek, uzun \u00f6m\u00fcrl\u00fc tesisatlar kurmay\u0131 ilke ediniyoruz. Devam\u0131n\u0131 Oku \u00dcr\u00fcn Tedari\u011fi TME M\u00fchendislik olarak, taahh\u00fcd\u00fcn\u00fc yapt\u0131\u011f\u0131m\u0131z projelerde ve projelerin d\u0131\u015f\u0131nda mekanik tesisat ile alakal\u0131 t\u00fcm \u00fcr\u00fcnlerin sat\u0131\u015f\u0131n\u0131 [&hellip;]<\/p>\n","protected":false},"author":1,"featured_media":0,"parent":0,"menu_order":0,"comment_status":"closed","ping_status":"closed","template":"","meta":{"footnotes":""},"class_list":["post-16897","page","type-page","status-publish","hentry"],"_links":{"self":[{"href":"https:\/\/www.tmemuhendislik.com.tr\/tr_tr\/wp-json\/wp\/v2\/pages\/16897","targetHints":{"allow":["GET"]}}],"collection":[{"href":"https:\/\/www.tmemuhendislik.com.tr\/tr_tr\/wp-json\/wp\/v2\/pages"}],"about":[{"href":"https:\/\/www.tmemuhendislik.com.tr\/tr_tr\/wp-json\/wp\/v2\/types\/page"}],"author":[{"embeddable":true,"href":"https:\/\/www.tmemuhendislik.com.tr\/tr_tr\/wp-json\/wp\/v2\/users\/1"}],"replies":[{"embeddable":true,"href":"https:\/\/www.tmemuhendislik.com.tr\/tr_tr\/wp-json\/wp\/v2\/comments?post=16897"}],"version-history":[{"count":28,"href":"https:\/\/www.tmemuhendislik.com.tr\/tr_tr\/wp-json\/wp\/v2\/pages\/16897\/revisions"}],"predecessor-version":[{"id":17353,"href":"https:\/\/www.tmemuhendislik.com.tr\/tr_tr\/wp-json\/wp\/v2\/pages\/16897\/revisions\/17353"}],"wp:attachment":[{"href":"https:\/\/www.tmemuhendislik.com.tr\/tr_tr\/wp-json\/wp\/v2\/media?parent=16897"}],"curies":[{"name":"wp","href":"https:\/\/api.w.org\/{rel}","templated":true}]}}