{"id":17327,"date":"2025-05-17T15:31:16","date_gmt":"2025-05-17T12:31:16","guid":{"rendered":"https:\/\/www.tmemuhendislik.com.tr\/?page_id=17327"},"modified":"2025-05-17T15:32:20","modified_gmt":"2025-05-17T12:32:20","slug":"proje-ve-danismanlik","status":"publish","type":"page","link":"https:\/\/www.tmemuhendislik.com.tr\/en\/proje-ve-danismanlik\/","title":{"rendered":"Project and consultancy"},"content":{"rendered":"<div data-elementor-type=\"wp-page\" data-elementor-id=\"17327\" class=\"elementor elementor-17327\">\n\t\t\t\t<div class=\"elementor-element elementor-element-e40d9f6 e-con-full e-flex e-con e-parent\" data-id=\"e40d9f6\" data-element_type=\"container\">\n\t\t\t\t<div class=\"elementor-element elementor-element-5ff50a9 elementor-widget elementor-widget-image-carousel\" data-id=\"5ff50a9\" data-element_type=\"widget\" data-settings=\"{&quot;slides_to_scroll&quot;:&quot;1&quot;,&quot;navigation&quot;:&quot;none&quot;,&quot;autoplay_speed&quot;:2000,&quot;image_spacing_custom&quot;:{&quot;unit&quot;:&quot;px&quot;,&quot;size&quot;:12,&quot;sizes&quot;:[]},&quot;autoplay&quot;:&quot;yes&quot;,&quot;pause_on_hover&quot;:&quot;yes&quot;,&quot;pause_on_interaction&quot;:&quot;yes&quot;,&quot;infinite&quot;:&quot;yes&quot;,&quot;speed&quot;:500,&quot;image_spacing_custom_tablet&quot;:{&quot;unit&quot;:&quot;px&quot;,&quot;size&quot;:&quot;&quot;,&quot;sizes&quot;:[]},&quot;image_spacing_custom_mobile&quot;:{&quot;unit&quot;:&quot;px&quot;,&quot;size&quot;:&quot;&quot;,&quot;sizes&quot;:[]}}\" data-widget_type=\"image-carousel.default\">\n\t\t\t\t<div class=\"elementor-widget-container\">\n\t\t\t\t\t\t\t<div class=\"elementor-image-carousel-wrapper swiper\" role=\"region\" aria-roledescription=\"carousel\" aria-label=\"Resim D\u00f6ng\u00fcs\u00fc\" dir=\"ltr\">\n\t\t\t<div class=\"elementor-image-carousel swiper-wrapper swiper-image-stretch\" aria-live=\"off\">\n\t\t\t\t\t\t\t\t<div class=\"swiper-slide\" role=\"group\" aria-roledescription=\"slide\" aria-label=\"1 of 10\"><figure class=\"swiper-slide-inner\"><img decoding=\"async\" class=\"swiper-slide-image\" src=\"https:\/\/www.tmemuhendislik.com.tr\/wp-content\/uploads\/2025\/04\/WhatsApp-Image-2025-05-13-at-15.07.36-600x600.jpeg\" alt=\"WhatsApp Image 2025-05-13 at 15.07.36\" \/><\/figure><\/div><div class=\"swiper-slide\" role=\"group\" aria-roledescription=\"slide\" aria-label=\"2 of 10\"><figure class=\"swiper-slide-inner\"><img decoding=\"async\" class=\"swiper-slide-image\" src=\"https:\/\/www.tmemuhendislik.com.tr\/wp-content\/uploads\/2025\/04\/WhatsApp-Image-2025-05-13-at-15.07.36-1-600x600.jpeg\" alt=\"WhatsApp Image 2025-05-13 at 15.07.36 (1)\" \/><\/figure><\/div><div class=\"swiper-slide\" role=\"group\" aria-roledescription=\"slide\" aria-label=\"3 of 10\"><figure class=\"swiper-slide-inner\"><img decoding=\"async\" class=\"swiper-slide-image\" src=\"https:\/\/www.tmemuhendislik.com.tr\/wp-content\/uploads\/2025\/04\/WhatsApp-Image-2025-05-13-at-15.07.35-600x600.jpeg\" alt=\"WhatsApp Image 2025-05-13 at 15.07.35\" \/><\/figure><\/div><div class=\"swiper-slide\" role=\"group\" aria-roledescription=\"slide\" aria-label=\"4 of 10\"><figure class=\"swiper-slide-inner\"><img decoding=\"async\" class=\"swiper-slide-image\" src=\"https:\/\/www.tmemuhendislik.com.tr\/wp-content\/uploads\/2025\/04\/WhatsApp-Image-2025-05-13-at-15.07.34-1-1-600x600.jpeg\" alt=\"WhatsApp Image 2025-05-13 at 15.07.34 (1)\" \/><\/figure><\/div><div class=\"swiper-slide\" role=\"group\" aria-roledescription=\"slide\" aria-label=\"5 of 10\"><figure class=\"swiper-slide-inner\"><img decoding=\"async\" class=\"swiper-slide-image\" src=\"https:\/\/www.tmemuhendislik.com.tr\/wp-content\/uploads\/2025\/04\/coach-coffee-00000-600x600.webp\" alt=\"coach-coffee-00000\" \/><\/figure><\/div><div class=\"swiper-slide\" role=\"group\" aria-roledescription=\"slide\" aria-label=\"6 of 10\"><figure class=\"swiper-slide-inner\"><img decoding=\"async\" class=\"swiper-slide-image\" src=\"https:\/\/www.tmemuhendislik.com.tr\/wp-content\/uploads\/2025\/04\/malatya-cop-gaz-elektrik-uretim-tesisi-11-600x600.jpg\" alt=\"malatya-cop-gaz-elektrik-uretim-tesisi-11\" \/><\/figure><\/div><div class=\"swiper-slide\" role=\"group\" aria-roledescription=\"slide\" aria-label=\"7 of 10\"><figure class=\"swiper-slide-inner\"><img decoding=\"async\" class=\"swiper-slide-image\" src=\"https:\/\/www.tmemuhendislik.com.tr\/wp-content\/uploads\/2025\/04\/Unilever_Vector_3-600x600.jpg\" alt=\"Unilever_Vector_3\" \/><\/figure><\/div><div class=\"swiper-slide\" role=\"group\" aria-roledescription=\"slide\" aria-label=\"8 of 10\"><figure class=\"swiper-slide-inner\"><img decoding=\"async\" class=\"swiper-slide-image\" src=\"https:\/\/www.tmemuhendislik.com.tr\/wp-content\/uploads\/2025\/04\/uruntedarigi-600x600.jpg\" alt=\"uruntedarigi\" \/><\/figure><\/div><div class=\"swiper-slide\" role=\"group\" aria-roledescription=\"slide\" aria-label=\"9 of 10\"><figure class=\"swiper-slide-inner\"><img decoding=\"async\" class=\"swiper-slide-image\" src=\"https:\/\/www.tmemuhendislik.com.tr\/wp-content\/uploads\/2025\/04\/turkoglumetal-600x600.jpg\" alt=\"turkoglumetal\" \/><\/figure><\/div><div class=\"swiper-slide\" role=\"group\" aria-roledescription=\"slide\" aria-label=\"10 of 10\"><figure class=\"swiper-slide-inner\"><img decoding=\"async\" class=\"swiper-slide-image\" src=\"https:\/\/www.tmemuhendislik.com.tr\/wp-content\/uploads\/2025\/04\/trios-20232-600x466.jpg\" alt=\"trios-20232\" \/><\/figure><\/div>\t\t\t<\/div>\n\t\t\t\t\t\t\t\n\t\t\t\t\t\t\t\t\t<\/div>\n\t\t\t\t\t\t<\/div>\n\t\t\t\t<\/div>\n\t\t\t\t<\/div>\n\t\t<div class=\"elementor-element elementor-element-612d27a e-flex e-con-boxed e-con e-parent\" data-id=\"612d27a\" data-element_type=\"container\">\n\t\t\t\t\t<div class=\"e-con-inner\">\n\t\t\t\t\t<\/div>\n\t\t\t\t<\/div>\n\t\t        <section class=\"elementor-section elementor-top-section elementor-element elementor-element-2c27f64 elementor-section-stretched elementor-section-boxed elementor-section-height-default elementor-section-height-default pxl-row-scroll-none pxl-zoom-point-false pxl-section-overflow-visible pxl-section-fix-none pxl-bg-color-none pxl-section-overlay-none\" data-id=\"2c27f64\" data-element_type=\"section\" data-settings=\"{&quot;stretch_section&quot;:&quot;section-stretched&quot;}\">\n\n                \n                <div class=\"elementor-container elementor-column-gap-extended\">\n                <div class=\"elementor-column elementor-col-100 elementor-top-column elementor-element elementor-element-1fad0d8 pxl-column-none pxl-column-overflow-hidden-no\" data-id=\"1fad0d8\" data-element_type=\"column\">\r\n        <div class=\"elementor-widget-wrap elementor-element-populated\">\r\n                     \r\n                <section class=\"elementor-section elementor-inner-section elementor-element elementor-element-31b11a0 elementor-section-full_width elementor-section-height-default elementor-section-height-default pxl-row-scroll-none pxl-zoom-point-false pxl-section-overflow-visible pxl-section-fix-none pxl-full-content-with-space-none pxl-bg-color-none pxl-section-overlay-none\" data-id=\"31b11a0\" data-element_type=\"section\">\n\n                \n                <div class=\"elementor-container elementor-column-gap-extended\">\n                <div class=\"elementor-column elementor-col-50 elementor-inner-column elementor-element elementor-element-c0bb6bd pxl-column-overflow-hidden-yes pxl-column-none\" data-id=\"c0bb6bd\" data-element_type=\"column\" data-settings=\"{&quot;background_background&quot;:&quot;classic&quot;}\">\r\n        <div class=\"elementor-widget-wrap elementor-element-populated\">\r\n                     \r\n        \t\t<div class=\"elementor-element elementor-element-d2b22c4 elementor-widget elementor-widget-pxl_heading\" data-id=\"d2b22c4\" data-element_type=\"widget\" data-widget_type=\"pxl_heading.default\">\n\t\t\t\t<div class=\"elementor-widget-container\">\n\t\t\t\t\t\n<div id=\"pxl-pxl_heading-d2b22c4-6648\" class=\"pxl-heading px-sub-title-dot-style\">\n\t<div class=\"pxl-heading--inner\">\n\t\t\t\t\t<div class=\"pxl-item--subtitle px-sub-title-dot\" data-wow-delay=\"ms\">\n\t\t\t\t<span class=\"pxl-item--subtext\">\n\t\t\t\t\t\t\t\t\t\tOur Services\t\t\t\t<\/span>\n\t\t\t<\/div>\n\t\t\n\t\t\t<h3 class=\"pxl-item--title style-default highlight-default\" data-wow-delay=\"ms\">\n\t\t\t\t\t\t\tEach project is meticulously by hand, we are designing energy efficient and innovative systems that meets the needs of our customers.\n\t\n\t\t\t\t\n\t\t<\/h3>\n\t<\/div>\n<\/div> \t\t\t\t<\/div>\n\t\t\t\t<\/div>\n\t\t\t\t<div class=\"elementor-element elementor-element-fd966fd elementor-align-justify elementor-widget elementor-widget-pxl_button\" data-id=\"fd966fd\" data-element_type=\"widget\" data-widget_type=\"pxl_button.default\">\n\t\t\t\t<div class=\"elementor-widget-container\">\n\t\t\t\t\t<div id=\"pxl-pxl_button-fd966fd-3178\" class=\"pxl-button pxl-atc-link\" data-wow-delay=\"ms\">\r\n    <a href=\"https:\/\/www.tmemuhendislik.com.tr\/en\/cozumlerimiz-2\/\" class=\"btn pxl-icon-active  btn-default  inline pxl-icon--left\" data-wow-delay=\"ms\" data-target=\".pxl-page-popup-template-0\">\r\n        <i aria-hidden=\"true\" class=\"far fa-arrow-right\"><\/i>        <span class=\"pxl--btn-text\" data-text=\"\u00c7\u00d6Z\u00dcMLER\u0130M\u0130Z\">\r\n            OUR SOLUTIONS        <\/span>\r\n            <\/a>\r\n<\/div>\t\t\t\t<\/div>\n\t\t\t\t<\/div>\n\t\t\t\t<div class=\"elementor-element elementor-element-475250d elementor-absolute elementor-widget elementor-widget-pxl_image_parallax\" data-id=\"475250d\" data-element_type=\"widget\" data-settings=\"{&quot;_position&quot;:&quot;absolute&quot;}\" data-widget_type=\"pxl_image_parallax.default\">\n\t\t\t\t<div class=\"elementor-widget-container\">\n\t\t\t\t\t<div class=\"pxl-image--inner\">\r\n<div id=\"pxl_image_parallax-475250d-7011\" class=\"pxl-image-wg\" data-parallax=\"{&quot;z&quot;:&quot;200&quot;,&quot;&quot;:&quot;&quot;}\" data-maxtilt=\"\" data-speedtilt=\"\" data-perspectivetilt=\"\" data-wow-delay=\"ms\">\r\n                                            <img decoding=\"async\" src=\"https:\/\/www.tmemuhendislik.com.tr\/wp-content\/uploads\/2024\/01\/h5-3.webp\" title=\"\" alt=\"\" loading=\"lazy\" \/>                            <\/div>    \r\n<\/div>\r\n\t\t\t\t<\/div>\n\t\t\t\t<\/div>\n\t\t            <\/div>\r\n        <\/div>\r\n                <div class=\"elementor-column elementor-col-50 elementor-inner-column elementor-element elementor-element-c75e12f pxl-column-none pxl-column-overflow-hidden-no\" data-id=\"c75e12f\" data-element_type=\"column\" data-settings=\"{&quot;background_background&quot;:&quot;classic&quot;}\">\r\n        <div class=\"elementor-widget-wrap elementor-element-populated\">\r\n                     \r\n        \t\t<div class=\"elementor-element elementor-element-1103732 elementor-widget elementor-widget-pxl_heading\" data-id=\"1103732\" data-element_type=\"widget\" data-widget_type=\"pxl_heading.default\">\n\t\t\t\t<div class=\"elementor-widget-container\">\n\t\t\t\t\t\n<div id=\"pxl-pxl_heading-1103732-1342\" class=\"pxl-heading px-sub-title-dot-style\">\n\t<div class=\"pxl-heading--inner\">\n\t\t\t\t\t<div class=\"pxl-item--subtitle px-sub-title-dot\" data-wow-delay=\"ms\">\n\t\t\t\t<span class=\"pxl-item--subtext\">\n\t\t\t\t\t\t\t\t\t\tTME Engineering\t\t\t\t<\/span>\n\t\t\t<\/div>\n\t\t\n\t\t\t<h3 class=\"pxl-item--title style-default highlight-default\" data-wow-delay=\"ms\">\n\t\t\t\t\t\t\tProject and consultancy\t\n\t\t\t\t\n\t\t<\/h3>\n\t<\/div>\n<\/div> \t\t\t\t<\/div>\n\t\t\t\t<\/div>\n\t\t\t\t<div class=\"elementor-element elementor-element-3cf619d elementor-widget elementor-widget-pxl_text_editor\" data-id=\"3cf619d\" data-element_type=\"widget\" data-widget_type=\"pxl_text_editor.default\">\n\t\t\t\t<div class=\"elementor-widget-container\">\n\t\t\t\t\t<div class=\"pxl-text-editor\">\n\t<div class=\"pxl-item--inner\" data-wow-delay=\"ms\">\n\t\t<p class=\"whitespace-normal\">Mechanical installation projects; heating, cooling, ventilation, plumbing, fire alarm systems and automatic control systems. Our experienced team, housing projects, industrial facilities, commercial buildings, hospitals and educational institutions design for all type of services.<\/p><p class=\"whitespace-normal\">Existing installations of our consulting services in the scope of the analysis, recommendations for improvement, energy efficiency studies , project drawing, we offer our expertise on issues such as preparation of technical specification. Engineering solutions, we aim to maximize comfort while reducing the operating costs of the conditions for your structures.<\/p>\t\t\n\t<\/div>\n<\/div>\t\t\t\t<\/div>\n\t\t\t\t<\/div>\n\t\t            <\/div>\r\n        <\/div>\r\n        \t\t\t<\/div>\n\t\t<\/section>\n\t\t            <\/div>\r\n        <\/div>\r\n        \t\t\t<\/div>\n\t\t<\/section>\n\t\t\t\t<\/div>","protected":false},"excerpt":{"rendered":"<p>Hizmetlerimiz Her projeyi titizlikle ele alarak, m\u00fc\u015fterilerimizin ihtiya\u00e7lar\u0131n\u0131 kar\u015f\u0131layan, enerji verimli ve yenilik\u00e7i sistemler tasarl\u0131yoruz. \u00c7\u00d6Z\u00dcMLER\u0130M\u0130Z TME M\u00fchendislik Proje ve Dan\u0131\u015fmanl\u0131k Mekanik tesisat projelerimiz; \u0131s\u0131tma, so\u011futma, havaland\u0131rma, s\u0131hhi tesisat, yang\u0131n tesisat\u0131 ve otomatik kontrol sistemlerini i\u00e7ermektedir. Deneyimli ekibimiz, konut projelerinden end\u00fcstriyel tesislere, ticari binalardan hastane ve e\u011fitim kurumlar\u0131na kadar t\u00fcm yap\u0131 tiplerinde projelendirme hizmeti vermektedir. [&hellip;]<\/p>","protected":false},"author":1,"featured_media":0,"parent":0,"menu_order":0,"comment_status":"closed","ping_status":"closed","template":"","meta":{"footnotes":""},"class_list":["post-17327","page","type-page","status-publish","hentry"],"_links":{"self":[{"href":"https:\/\/www.tmemuhendislik.com.tr\/en\/wp-json\/wp\/v2\/pages\/17327","targetHints":{"allow":["GET"]}}],"collection":[{"href":"https:\/\/www.tmemuhendislik.com.tr\/en\/wp-json\/wp\/v2\/pages"}],"about":[{"href":"https:\/\/www.tmemuhendislik.com.tr\/en\/wp-json\/wp\/v2\/types\/page"}],"author":[{"embeddable":true,"href":"https:\/\/www.tmemuhendislik.com.tr\/en\/wp-json\/wp\/v2\/users\/1"}],"replies":[{"embeddable":true,"href":"https:\/\/www.tmemuhendislik.com.tr\/en\/wp-json\/wp\/v2\/comments?post=17327"}],"version-history":[{"count":4,"href":"https:\/\/www.tmemuhendislik.com.tr\/en\/wp-json\/wp\/v2\/pages\/17327\/revisions"}],"predecessor-version":[{"id":17331,"href":"https:\/\/www.tmemuhendislik.com.tr\/en\/wp-json\/wp\/v2\/pages\/17327\/revisions\/17331"}],"wp:attachment":[{"href":"https:\/\/www.tmemuhendislik.com.tr\/en\/wp-json\/wp\/v2\/media?parent=17327"}],"curies":[{"name":"wp","href":"https:\/\/api.w.org\/{rel}","templated":true}]}}