{"id":16916,"date":"2025-04-17T19:08:27","date_gmt":"2025-04-17T16:08:27","guid":{"rendered":"https:\/\/www.tmemuhendislik.com.tr\/?page_id=16916"},"modified":"2025-05-16T17:12:48","modified_gmt":"2025-05-16T14:12:48","slug":"kariyer","status":"publish","type":"page","link":"https:\/\/www.tmemuhendislik.com.tr\/en\/kariyer\/","title":{"rendered":"Career"},"content":{"rendered":"<div data-elementor-type=\"wp-page\" data-elementor-id=\"16916\" class=\"elementor elementor-16916\">\n\t\t\t\t<div class=\"elementor-element elementor-element-f71b6bd e-flex e-con-boxed e-con e-parent\" data-id=\"f71b6bd\" data-element_type=\"container\">\n\t\t\t\t\t<div class=\"e-con-inner\">\n\t\t\t\t<div class=\"elementor-element elementor-element-48ca78b elementor-widget elementor-widget-pxl_text_editor\" data-id=\"48ca78b\" data-element_type=\"widget\" data-widget_type=\"pxl_text_editor.default\">\n\t\t\t\t<div class=\"elementor-widget-container\">\n\t\t\t\t\t<div class=\"pxl-text-editor\">\n\t<div class=\"pxl-item--inner\" data-wow-delay=\"ms\">\n\t\t<p>TMJ you can fill out the form below to join the engineering team along with a short CV. Send a photo when sending your resume and complete the application form as a PDF. Our store requests the general pool according to the conditions of kvkk demand, we are in contact with our candidates to interview for the position opened.<\/p>\t\t\n\t<\/div>\n<\/div>\t\t\t\t<\/div>\n\t\t\t\t<\/div>\n\t\t\t\t\t<\/div>\n\t\t\t\t<\/div>\n\t\t<div class=\"elementor-element elementor-element-637cc43 e-flex e-con-boxed e-con e-parent\" data-id=\"637cc43\" data-element_type=\"container\">\n\t\t\t\t\t<div class=\"e-con-inner\">\n\t\t\t\t<div class=\"elementor-element elementor-element-9d1eeb1 elementor-widget elementor-widget-pxl_contact_form\" data-id=\"9d1eeb1\" data-element_type=\"widget\" data-widget_type=\"pxl_contact_form.default\">\n\t\t\t\t<div class=\"elementor-widget-container\">\n\t\t\t\t\t    <div class=\"pxl-contact-form pxl-contact-form1 btn-w-auto\" data-wow-delay=\"ms\">\r\n        \n<div class=\"wpcf7 no-js\" id=\"wpcf7-f4803-o1\" lang=\"en-US\" dir=\"ltr\" data-wpcf7-id=\"4803\">\n<div class=\"screen-reader-response\"><p role=\"status\" aria-live=\"polite\" aria-atomic=\"true\"><\/p> <ul><\/ul><\/div>\n<form action=\"\/en\/wp-json\/wp\/v2\/pages\/16916#wpcf7-f4803-o1\" method=\"post\" class=\"wpcf7-form init\" aria-label=\"Contact form\" enctype=\"multipart\/form-data\" novalidate=\"novalidate\" data-status=\"init\" data-trp-original-action=\"\/en\/wp-json\/wp\/v2\/pages\/16916#wpcf7-f4803-o1\">\n<fieldset class=\"hidden-fields-container\"><input type=\"hidden\" name=\"_wpcf7\" value=\"4803\" \/><input type=\"hidden\" name=\"_wpcf7_version\" value=\"6.1.1\" \/><input type=\"hidden\" name=\"_wpcf7_locale\" value=\"en_US\" \/><input type=\"hidden\" name=\"_wpcf7_unit_tag\" value=\"wpcf7-f4803-o1\" \/><input type=\"hidden\" name=\"_wpcf7_container_post\" value=\"0\" \/><input type=\"hidden\" name=\"_wpcf7_posted_data_hash\" value=\"\" \/>\n<\/fieldset>\n<div class=\"wrap-ctf-popup wrap-form\">\n\t<div class=\"containter\">\n\t\t<div class=\"row\">\n\t\t\t<div class=\"input-filled col-xl-6 col-lg-6 col-md-6 col-sm-6 col-xs-12\">\n\t\t\t\t<p><span class=\"wpcf7-form-control-wrap your-name\"><br \/>\n<span class=\"wpcf7-form-control-wrap\" data-name=\"your-name\"><input size=\"40\" maxlength=\"400\" class=\"wpcf7-form-control wpcf7-text wpcf7-validates-as-required\" aria-required=\"true\" aria-invalid=\"false\" placeholder=\"*Name-Last Name\" value=\"\" type=\"text\" name=\"your-name\" \/><\/span><br \/>\n<\/span>\n\t\t\t\t<\/p>\n\t\t\t<\/div>\n\t\t\t<div class=\"input-filled col-xl-6 col-lg-6 col-md-6 col-sm-6 col-xs-12\">\n\t\t\t\t<p><span class=\"wpcf7-form-control-wrap your-email\"><br \/>\n<span class=\"wpcf7-form-control-wrap\" data-name=\"your-email\"><input size=\"40\" maxlength=\"400\" class=\"wpcf7-form-control wpcf7-email wpcf7-validates-as-required wpcf7-text wpcf7-validates-as-email\" aria-required=\"true\" aria-invalid=\"false\" placeholder=\"*E-mail\" value=\"\" type=\"email\" name=\"your-email\" \/><\/span><br \/>\n<\/span>\n\t\t\t\t<\/p>\n\t\t\t<\/div>\n\t\t\t<div class=\"input-filled col-xl-6 col-lg-6 col-md-6 col-sm-6 col-xs-12\">\n\t\t\t\t<p><span class=\"wpcf7-form-control-wrap your-phone\"><br \/>\n<span class=\"wpcf7-form-control-wrap\" data-name=\"your-phone\"><input size=\"40\" maxlength=\"400\" class=\"wpcf7-form-control wpcf7-tel wpcf7-validates-as-required wpcf7-text wpcf7-validates-as-tel\" aria-required=\"true\" aria-invalid=\"false\" placeholder=\"*Telephone\" value=\"\" type=\"tel\" name=\"your-phone\" \/><\/span><br \/>\n<\/span>\n\t\t\t\t<\/p>\n\t\t\t<\/div>\n\t\t\t<div class=\"input-filled col-xl-6 col-lg-6 col-md-6 col-sm-6 col-xs-12\">\n\t\t\t\t<p><span class=\"wpcf7-form-control-wrap your-service\"><br \/>\n<span class=\"wpcf7-form-control-wrap\" data-name=\"menu-516\"><select class=\"wpcf7-form-control wpcf7-select\" aria-invalid=\"false\" name=\"menu-516\"><option value=\"Hangi B\u00f6l\u00fcme Ba\u015fvurmak \u0130stiyorsunuz?\">Which Would You Like To See?<\/option><option value=\"Teknik Ekip\">Technical Team<\/option><option value=\"Muhasebe\">Accounting<\/option><option value=\"Pazarlama&amp;Sat\u0131\u015f\">Marketing&amp;Sales<\/option><\/select><\/span><br \/>\n<\/span>\n\t\t\t\t<\/p>\n\t\t\t<\/div>\n\t\t\t<div class=\"input-filled col-xl-12\">\n\t\t\t\t<p><span class=\"wpcf7-form-control-wrap your-messeage\"><br \/>\n<span class=\"wpcf7-form-control-wrap\" data-name=\"your-messeage\"><textarea cols=\"40\" rows=\"10\" maxlength=\"2000\" class=\"wpcf7-form-control wpcf7-textarea wpcf7-validates-as-required\" aria-required=\"true\" aria-invalid=\"false\" placeholder=\"Briefly introduce yourself, your....\" name=\"your-messeage\"><\/textarea><\/span><br \/>\n<\/span>\n\t\t\t\t<\/p>\n\t\t\t<\/div>\n\t\t\t<div class=\"input-filled col-xl-12 d-flex\">\n\t\t\t\t<p><span class=\"wpcf7-form-control-wrap wpcf7-acceptance\"><br \/>\n<span class=\"wpcf7-form-control-wrap\" data-name=\"checkbox-446\"><span class=\"wpcf7-form-control wpcf7-checkbox\"><span class=\"wpcf7-list-item first last\"><label><input type=\"checkbox\" name=\"checkbox-446[]\" value=\"TME M\u00fchendislik KVKK Politikas\u0131n\u0131 okudum, anlad\u0131m, onayl\u0131yorum.\" \/><span class=\"wpcf7-list-item-label\">I have read, understood and approved TME Engineering KVKK Policy.<\/span><\/label><\/span><\/span><\/span><br \/>\n<\/span><br \/>\n<span class=\"wpcf7-form-control-wrap\" data-name=\"file-730\"><input size=\"40\" class=\"wpcf7-form-control wpcf7-file\" accept=\".pdf,.txt\" aria-invalid=\"false\" type=\"file\" name=\"file-730\" \/><\/span><br \/>\n<button type=\"submit\" class=\"wpcf7-submit wpcf7-btn-abs\" > Send <i class=\"far fa-arrow-right\"><\/i> <\/button>\n\t\t\t\t<\/p>\n\t\t\t<\/div>\n\t\t<\/div>\n\t<\/div>\n<\/div><div class=\"wpcf7-response-output\" aria-hidden=\"true\"><\/div>\n<input type=\"hidden\" name=\"trp-form-language\" value=\"en\"\/><\/form>\n<\/div>\n    <\/div>\r\n\t\t\t\t<\/div>\n\t\t\t\t<\/div>\n\t\t\t\t\t<\/div>\n\t\t\t\t<\/div>\n\t\t\t\t<\/div>","protected":false},"excerpt":{"rendered":"<p>TME M\u00fchendislik ekibine kat\u0131lmak i\u00e7in a\u015fa\u011f\u0131daki formu k\u0131sa \u00f6zge\u00e7mi\u015finiz ile birlikte doldurabilirsiniz. Ba\u015fvuru formunu g\u00f6nderirken pdf olarak tam ve foto\u011frafl\u0131 \u00f6zge\u00e7mi\u015finizi yollay\u0131n\u0131z. Talepleri genel talep havuzumuzda KVKK ko\u015fullar\u0131na g\u00f6re saklamakta, a\u00e7\u0131lan pozisyonlar\u0131m\u0131za uygun adaylar ile g\u00f6r\u00fc\u015fme i\u00e7in ileti\u015fime ge\u00e7mekteyiz. Hangi B\u00f6l\u00fcme Ba\u015fvurmak \u0130stiyorsunuz?Teknik EkipMuhasebePazarlama&amp;Sat\u0131\u015f TME M\u00fchendislik KVKK Politikas\u0131n\u0131 okudum, anlad\u0131m, onayl\u0131yorum. G\u00f6nder<\/p>","protected":false},"author":1,"featured_media":0,"parent":0,"menu_order":0,"comment_status":"closed","ping_status":"closed","template":"","meta":{"footnotes":""},"class_list":["post-16916","page","type-page","status-publish","hentry"],"_links":{"self":[{"href":"https:\/\/www.tmemuhendislik.com.tr\/en\/wp-json\/wp\/v2\/pages\/16916","targetHints":{"allow":["GET"]}}],"collection":[{"href":"https:\/\/www.tmemuhendislik.com.tr\/en\/wp-json\/wp\/v2\/pages"}],"about":[{"href":"https:\/\/www.tmemuhendislik.com.tr\/en\/wp-json\/wp\/v2\/types\/page"}],"author":[{"embeddable":true,"href":"https:\/\/www.tmemuhendislik.com.tr\/en\/wp-json\/wp\/v2\/users\/1"}],"replies":[{"embeddable":true,"href":"https:\/\/www.tmemuhendislik.com.tr\/en\/wp-json\/wp\/v2\/comments?post=16916"}],"version-history":[{"count":8,"href":"https:\/\/www.tmemuhendislik.com.tr\/en\/wp-json\/wp\/v2\/pages\/16916\/revisions"}],"predecessor-version":[{"id":17233,"href":"https:\/\/www.tmemuhendislik.com.tr\/en\/wp-json\/wp\/v2\/pages\/16916\/revisions\/17233"}],"wp:attachment":[{"href":"https:\/\/www.tmemuhendislik.com.tr\/en\/wp-json\/wp\/v2\/media?parent=16916"}],"curies":[{"name":"wp","href":"https:\/\/api.w.org\/{rel}","templated":true}]}}