{"id":16356,"date":"2023-11-27T09:15:28","date_gmt":"2023-11-27T09:15:28","guid":{"rendered":"https:\/\/demo.bravisthemes.com\/graviton\/?page_id=64"},"modified":"2025-05-17T15:23:52","modified_gmt":"2025-05-17T12:23:52","slug":"bakim-0narim","status":"publish","type":"page","link":"https:\/\/www.tmemuhendislik.com.tr\/en\/bakim-0narim\/","title":{"rendered":"Maintenance &amp; Repair"},"content":{"rendered":"<div data-elementor-type=\"wp-page\" data-elementor-id=\"16356\" class=\"elementor elementor-16356\">\n\t\t\t\t<div class=\"elementor-element elementor-element-e40d9f6 e-con-full e-flex e-con e-parent\" data-id=\"e40d9f6\" data-element_type=\"container\">\n\t\t\t\t<div class=\"elementor-element elementor-element-5ff50a9 elementor-widget elementor-widget-image-carousel\" data-id=\"5ff50a9\" data-element_type=\"widget\" data-settings=\"{&quot;slides_to_scroll&quot;:&quot;1&quot;,&quot;navigation&quot;:&quot;none&quot;,&quot;autoplay_speed&quot;:2000,&quot;image_spacing_custom&quot;:{&quot;unit&quot;:&quot;px&quot;,&quot;size&quot;:12,&quot;sizes&quot;:[]},&quot;autoplay&quot;:&quot;yes&quot;,&quot;pause_on_hover&quot;:&quot;yes&quot;,&quot;pause_on_interaction&quot;:&quot;yes&quot;,&quot;infinite&quot;:&quot;yes&quot;,&quot;speed&quot;:500,&quot;image_spacing_custom_tablet&quot;:{&quot;unit&quot;:&quot;px&quot;,&quot;size&quot;:&quot;&quot;,&quot;sizes&quot;:[]},&quot;image_spacing_custom_mobile&quot;:{&quot;unit&quot;:&quot;px&quot;,&quot;size&quot;:&quot;&quot;,&quot;sizes&quot;:[]}}\" data-widget_type=\"image-carousel.default\">\n\t\t\t\t<div class=\"elementor-widget-container\">\n\t\t\t\t\t\t\t<div class=\"elementor-image-carousel-wrapper swiper\" role=\"region\" aria-roledescription=\"carousel\" aria-label=\"Resim D\u00f6ng\u00fcs\u00fc\" dir=\"ltr\">\n\t\t\t<div class=\"elementor-image-carousel swiper-wrapper swiper-image-stretch\" aria-live=\"off\">\n\t\t\t\t\t\t\t\t<div class=\"swiper-slide\" role=\"group\" aria-roledescription=\"slide\" aria-label=\"1 of 10\"><figure class=\"swiper-slide-inner\"><img decoding=\"async\" class=\"swiper-slide-image\" src=\"https:\/\/www.tmemuhendislik.com.tr\/wp-content\/uploads\/2025\/04\/WhatsApp-Image-2025-05-13-at-15.07.36-600x600.jpeg\" alt=\"WhatsApp Image 2025-05-13 at 15.07.36\" \/><\/figure><\/div><div class=\"swiper-slide\" role=\"group\" aria-roledescription=\"slide\" aria-label=\"2 of 10\"><figure class=\"swiper-slide-inner\"><img decoding=\"async\" class=\"swiper-slide-image\" src=\"https:\/\/www.tmemuhendislik.com.tr\/wp-content\/uploads\/2025\/04\/WhatsApp-Image-2025-05-13-at-15.07.36-1-600x600.jpeg\" alt=\"WhatsApp Image 2025-05-13 at 15.07.36 (1)\" \/><\/figure><\/div><div class=\"swiper-slide\" role=\"group\" aria-roledescription=\"slide\" aria-label=\"3 of 10\"><figure class=\"swiper-slide-inner\"><img decoding=\"async\" class=\"swiper-slide-image\" src=\"https:\/\/www.tmemuhendislik.com.tr\/wp-content\/uploads\/2025\/04\/WhatsApp-Image-2025-05-13-at-15.07.35-600x600.jpeg\" alt=\"WhatsApp Image 2025-05-13 at 15.07.35\" \/><\/figure><\/div><div class=\"swiper-slide\" role=\"group\" aria-roledescription=\"slide\" aria-label=\"4 of 10\"><figure class=\"swiper-slide-inner\"><img decoding=\"async\" class=\"swiper-slide-image\" src=\"https:\/\/www.tmemuhendislik.com.tr\/wp-content\/uploads\/2025\/04\/WhatsApp-Image-2025-05-13-at-15.07.34-1-1-600x600.jpeg\" alt=\"WhatsApp Image 2025-05-13 at 15.07.34 (1)\" \/><\/figure><\/div><div class=\"swiper-slide\" role=\"group\" aria-roledescription=\"slide\" aria-label=\"5 of 10\"><figure class=\"swiper-slide-inner\"><img decoding=\"async\" class=\"swiper-slide-image\" src=\"https:\/\/www.tmemuhendislik.com.tr\/wp-content\/uploads\/2025\/04\/coach-coffee-00000-600x600.webp\" alt=\"coach-coffee-00000\" \/><\/figure><\/div><div class=\"swiper-slide\" role=\"group\" aria-roledescription=\"slide\" aria-label=\"6 of 10\"><figure class=\"swiper-slide-inner\"><img decoding=\"async\" class=\"swiper-slide-image\" src=\"https:\/\/www.tmemuhendislik.com.tr\/wp-content\/uploads\/2025\/04\/malatya-cop-gaz-elektrik-uretim-tesisi-11-600x600.jpg\" alt=\"malatya-cop-gaz-elektrik-uretim-tesisi-11\" \/><\/figure><\/div><div class=\"swiper-slide\" role=\"group\" aria-roledescription=\"slide\" aria-label=\"7 of 10\"><figure class=\"swiper-slide-inner\"><img decoding=\"async\" class=\"swiper-slide-image\" src=\"https:\/\/www.tmemuhendislik.com.tr\/wp-content\/uploads\/2025\/04\/Unilever_Vector_3-600x600.jpg\" alt=\"Unilever_Vector_3\" \/><\/figure><\/div><div class=\"swiper-slide\" role=\"group\" aria-roledescription=\"slide\" aria-label=\"8 of 10\"><figure class=\"swiper-slide-inner\"><img decoding=\"async\" class=\"swiper-slide-image\" src=\"https:\/\/www.tmemuhendislik.com.tr\/wp-content\/uploads\/2025\/04\/uruntedarigi-600x600.jpg\" alt=\"uruntedarigi\" \/><\/figure><\/div><div class=\"swiper-slide\" role=\"group\" aria-roledescription=\"slide\" aria-label=\"9 of 10\"><figure class=\"swiper-slide-inner\"><img decoding=\"async\" class=\"swiper-slide-image\" src=\"https:\/\/www.tmemuhendislik.com.tr\/wp-content\/uploads\/2025\/04\/turkoglumetal-600x600.jpg\" alt=\"turkoglumetal\" \/><\/figure><\/div><div class=\"swiper-slide\" role=\"group\" aria-roledescription=\"slide\" aria-label=\"10 of 10\"><figure class=\"swiper-slide-inner\"><img decoding=\"async\" class=\"swiper-slide-image\" src=\"https:\/\/www.tmemuhendislik.com.tr\/wp-content\/uploads\/2025\/04\/trios-20232-600x466.jpg\" alt=\"trios-20232\" \/><\/figure><\/div>\t\t\t<\/div>\n\t\t\t\t\t\t\t\n\t\t\t\t\t\t\t\t\t<\/div>\n\t\t\t\t\t\t<\/div>\n\t\t\t\t<\/div>\n\t\t\t\t<\/div>\n\t\t<div class=\"elementor-element elementor-element-612d27a e-flex e-con-boxed e-con e-parent\" data-id=\"612d27a\" data-element_type=\"container\">\n\t\t\t\t\t<div class=\"e-con-inner\">\n\t\t\t\t\t<\/div>\n\t\t\t\t<\/div>\n\t\t        <section class=\"elementor-section elementor-top-section elementor-element elementor-element-2c27f64 elementor-section-stretched elementor-section-boxed elementor-section-height-default elementor-section-height-default pxl-row-scroll-none pxl-zoom-point-false pxl-section-overflow-visible pxl-section-fix-none pxl-bg-color-none pxl-section-overlay-none\" data-id=\"2c27f64\" data-element_type=\"section\" data-settings=\"{&quot;stretch_section&quot;:&quot;section-stretched&quot;}\">\n\n                \n                <div class=\"elementor-container elementor-column-gap-extended\">\n                <div class=\"elementor-column elementor-col-100 elementor-top-column elementor-element elementor-element-1fad0d8 pxl-column-none pxl-column-overflow-hidden-no\" data-id=\"1fad0d8\" data-element_type=\"column\">\r\n        <div class=\"elementor-widget-wrap elementor-element-populated\">\r\n                     \r\n                <section class=\"elementor-section elementor-inner-section elementor-element elementor-element-31b11a0 elementor-section-full_width elementor-section-height-default elementor-section-height-default pxl-row-scroll-none pxl-zoom-point-false pxl-section-overflow-visible pxl-section-fix-none pxl-full-content-with-space-none pxl-bg-color-none pxl-section-overlay-none\" data-id=\"31b11a0\" data-element_type=\"section\">\n\n                \n                <div class=\"elementor-container elementor-column-gap-extended\">\n                <div class=\"elementor-column elementor-col-50 elementor-inner-column elementor-element elementor-element-c0bb6bd pxl-column-overflow-hidden-yes pxl-column-none\" data-id=\"c0bb6bd\" data-element_type=\"column\" data-settings=\"{&quot;background_background&quot;:&quot;classic&quot;}\">\r\n        <div class=\"elementor-widget-wrap elementor-element-populated\">\r\n                     \r\n        \t\t<div class=\"elementor-element elementor-element-d2b22c4 elementor-widget elementor-widget-pxl_heading\" data-id=\"d2b22c4\" data-element_type=\"widget\" data-widget_type=\"pxl_heading.default\">\n\t\t\t\t<div class=\"elementor-widget-container\">\n\t\t\t\t\t\n<div id=\"pxl-pxl_heading-d2b22c4-7296\" class=\"pxl-heading px-sub-title-dot-style\">\n\t<div class=\"pxl-heading--inner\">\n\t\t\t\t\t<div class=\"pxl-item--subtitle px-sub-title-dot\" data-wow-delay=\"ms\">\n\t\t\t\t<span class=\"pxl-item--subtext\">\n\t\t\t\t\t\t\t\t\t\tOur Services\t\t\t\t<\/span>\n\t\t\t<\/div>\n\t\t\n\t\t\t<h3 class=\"pxl-item--title style-default highlight-default\" data-wow-delay=\"ms\">\n\t\t\t\t\t\t\tTMJ Engineering, Mechanical, Plumbing specializes in the maintenance and operation of the system in the field of adoption.\t\n\t\t\t\t\n\t\t<\/h3>\n\t<\/div>\n<\/div> \t\t\t\t<\/div>\n\t\t\t\t<\/div>\n\t\t\t\t<div class=\"elementor-element elementor-element-fd966fd elementor-align-justify elementor-widget elementor-widget-pxl_button\" data-id=\"fd966fd\" data-element_type=\"widget\" data-widget_type=\"pxl_button.default\">\n\t\t\t\t<div class=\"elementor-widget-container\">\n\t\t\t\t\t<div id=\"pxl-pxl_button-fd966fd-3382\" class=\"pxl-button pxl-atc-link\" data-wow-delay=\"ms\">\r\n    <a href=\"https:\/\/www.tmemuhendislik.com.tr\/en\/cozumlerimiz-2\/\" class=\"btn pxl-icon-active  btn-default  inline pxl-icon--left\" data-wow-delay=\"ms\" data-target=\".pxl-page-popup-template-0\">\r\n        <i aria-hidden=\"true\" class=\"far fa-arrow-right\"><\/i>        <span class=\"pxl--btn-text\" data-text=\"\u00c7\u00d6Z\u00dcMLER\u0130M\u0130Z\">\r\n            OUR SOLUTIONS        <\/span>\r\n            <\/a>\r\n<\/div>\t\t\t\t<\/div>\n\t\t\t\t<\/div>\n\t\t\t\t<div class=\"elementor-element elementor-element-475250d elementor-absolute elementor-widget elementor-widget-pxl_image_parallax\" data-id=\"475250d\" data-element_type=\"widget\" data-settings=\"{&quot;_position&quot;:&quot;absolute&quot;}\" data-widget_type=\"pxl_image_parallax.default\">\n\t\t\t\t<div class=\"elementor-widget-container\">\n\t\t\t\t\t<div class=\"pxl-image--inner\">\r\n<div id=\"pxl_image_parallax-475250d-1017\" class=\"pxl-image-wg\" data-parallax=\"{&quot;z&quot;:&quot;200&quot;,&quot;&quot;:&quot;&quot;}\" data-maxtilt=\"\" data-speedtilt=\"\" data-perspectivetilt=\"\" data-wow-delay=\"ms\">\r\n                                            <img decoding=\"async\" src=\"https:\/\/www.tmemuhendislik.com.tr\/wp-content\/uploads\/2024\/01\/h5-3.webp\" title=\"\" alt=\"\" loading=\"lazy\" \/>                            <\/div>    \r\n<\/div>\r\n\t\t\t\t<\/div>\n\t\t\t\t<\/div>\n\t\t            <\/div>\r\n        <\/div>\r\n                <div class=\"elementor-column elementor-col-50 elementor-inner-column elementor-element elementor-element-c75e12f pxl-column-none pxl-column-overflow-hidden-no\" data-id=\"c75e12f\" data-element_type=\"column\" data-settings=\"{&quot;background_background&quot;:&quot;classic&quot;}\">\r\n        <div class=\"elementor-widget-wrap elementor-element-populated\">\r\n                     \r\n        \t\t<div class=\"elementor-element elementor-element-1103732 elementor-widget elementor-widget-pxl_heading\" data-id=\"1103732\" data-element_type=\"widget\" data-widget_type=\"pxl_heading.default\">\n\t\t\t\t<div class=\"elementor-widget-container\">\n\t\t\t\t\t\n<div id=\"pxl-pxl_heading-1103732-4776\" class=\"pxl-heading px-sub-title-dot-style\">\n\t<div class=\"pxl-heading--inner\">\n\t\t\t\t\t<div class=\"pxl-item--subtitle px-sub-title-dot\" data-wow-delay=\"ms\">\n\t\t\t\t<span class=\"pxl-item--subtext\">\n\t\t\t\t\t\t\t\t\t\tTME Engineering\t\t\t\t<\/span>\n\t\t\t<\/div>\n\t\t\n\t\t\t<h3 class=\"pxl-item--title style-default highlight-default\" data-wow-delay=\"ms\">\n\t\t\t\t\t\t\tMaintenance And Repair Services\t\n\t\t\t\t\n\t\t<\/h3>\n\t<\/div>\n<\/div> \t\t\t\t<\/div>\n\t\t\t\t<\/div>\n\t\t\t\t<div class=\"elementor-element elementor-element-3cf619d elementor-widget elementor-widget-pxl_text_editor\" data-id=\"3cf619d\" data-element_type=\"widget\" data-widget_type=\"pxl_text_editor.default\">\n\t\t\t\t<div class=\"elementor-widget-container\">\n\t\t\t\t\t<div class=\"pxl-text-editor\">\n\t<div class=\"pxl-item--inner\" data-wow-delay=\"ms\">\n\t\t<p class=\"whitespace-normal\">Our maintenance and repair services, heating systems, cooling systems, ventilation systems, plumbing and fire fighting periodic checks of equipment, preventive maintenance, and repair with quick intervention in case of failure covers.<\/p><p class=\"whitespace-normal\">Our experienced technical team is 7\/24 service also in case of emergencies and operational execution provides your system with you soon. Thanks to regular maintenance and checks, we&#039;re reducing your energy costs while extending the life of your equipment.<\/p><p class=\"whitespace-normal\">By eliminating the need for technical personnel operation and maintenance agreement for our customers, we provide them time and cost savings. Requirements engineering by making your systems work efficiently as TMJ our goal is to keep your comfort at the highest level.<\/p>\t\t\n\t<\/div>\n<\/div>\t\t\t\t<\/div>\n\t\t\t\t<\/div>\n\t\t            <\/div>\r\n        <\/div>\r\n        \t\t\t<\/div>\n\t\t<\/section>\n\t\t            <\/div>\r\n        <\/div>\r\n        \t\t\t<\/div>\n\t\t<\/section>\n\t\t\t\t<\/div>","protected":false},"excerpt":{"rendered":"<p>Hizmetlerimiz TME M\u00fchendislik, mekanik tesisat alan\u0131nda yap\u0131lm\u0131\u015f sistemlerin i\u015fletmesi ve bak\u0131mlar\u0131n\u0131n \u00fcstlenilmesi konusunda uzmanla\u015fm\u0131\u015ft\u0131r. \u00c7\u00d6Z\u00dcMLER\u0130M\u0130Z TME M\u00fchendislik Bak\u0131m Onar\u0131m Hizmetleri Bak\u0131m onar\u0131m hizmetlerimiz; \u0131s\u0131tma sistemleri, so\u011futma sistemleri, havaland\u0131rma sistemleri, s\u0131hhi tesisat ve yang\u0131n tesisatlar\u0131n\u0131n periyodik kontrollerini, \u00f6nleyici bak\u0131mlar\u0131n\u0131 ve ar\u0131za durumunda h\u0131zl\u0131 m\u00fcdahale ile onar\u0131mlar\u0131n\u0131 kapsamaktad\u0131r. Tecr\u00fcbeli teknik ekibimiz, 7\/24 hizmet anlay\u0131\u015f\u0131yla acil durumlarda da [&hellip;]<\/p>","protected":false},"author":1,"featured_media":0,"parent":0,"menu_order":0,"comment_status":"closed","ping_status":"closed","template":"","meta":{"footnotes":""},"class_list":["post-16356","page","type-page","status-publish","hentry"],"_links":{"self":[{"href":"https:\/\/www.tmemuhendislik.com.tr\/en\/wp-json\/wp\/v2\/pages\/16356","targetHints":{"allow":["GET"]}}],"collection":[{"href":"https:\/\/www.tmemuhendislik.com.tr\/en\/wp-json\/wp\/v2\/pages"}],"about":[{"href":"https:\/\/www.tmemuhendislik.com.tr\/en\/wp-json\/wp\/v2\/types\/page"}],"author":[{"embeddable":true,"href":"https:\/\/www.tmemuhendislik.com.tr\/en\/wp-json\/wp\/v2\/users\/1"}],"replies":[{"embeddable":true,"href":"https:\/\/www.tmemuhendislik.com.tr\/en\/wp-json\/wp\/v2\/comments?post=16356"}],"version-history":[{"count":20,"href":"https:\/\/www.tmemuhendislik.com.tr\/en\/wp-json\/wp\/v2\/pages\/16356\/revisions"}],"predecessor-version":[{"id":17316,"href":"https:\/\/www.tmemuhendislik.com.tr\/en\/wp-json\/wp\/v2\/pages\/16356\/revisions\/17316"}],"wp:attachment":[{"href":"https:\/\/www.tmemuhendislik.com.tr\/en\/wp-json\/wp\/v2\/media?parent=16356"}],"curies":[{"name":"wp","href":"https:\/\/api.w.org\/{rel}","templated":true}]}}